{"id":6615,"date":"2023-05-27T13:21:33","date_gmt":"2023-05-27T13:21:33","guid":{"rendered":"https:\/\/naturliebeharz.gaeste-mappe.com\/?page_id=6615"},"modified":"2025-12-29T16:01:44","modified_gmt":"2025-12-29T16:01:44","slug":"skipass-skibus","status":"publish","type":"page","link":"https:\/\/chalet-am-park.gaeste-mappe.at\/de\/skipass-skibus\/","title":{"rendered":"Skibus"},"content":{"rendered":"<div data-elementor-type=\"wp-page\" data-elementor-id=\"6615\" class=\"elementor elementor-6615\" data-elementor-post-type=\"page\">\n\t\t\t\t\t\t<section class=\"elementor-section elementor-top-section elementor-element elementor-element-56542d35 elementor-section-boxed elementor-section-height-default elementor-section-height-default\" data-id=\"56542d35\" data-element_type=\"section\" data-settings=\"{&quot;background_background&quot;:&quot;classic&quot;}\">\n\t\t\t\t\t\t<div class=\"elementor-container elementor-column-gap-default\">\n\t\t\t\t\t<div class=\"elementor-column elementor-col-100 elementor-top-column elementor-element elementor-element-7948b7df\" data-id=\"7948b7df\" data-element_type=\"column\">\n\t\t\t<div class=\"elementor-widget-wrap elementor-element-populated\">\n\t\t\t\t\t\t<div class=\"elementor-element elementor-element-6dc74b20 kopf elementor-icon-list--layout-inline elementor-list-item-link-full_width elementor-widget elementor-widget-icon-list\" data-id=\"6dc74b20\" data-element_type=\"widget\" data-widget_type=\"icon-list.default\">\n\t\t\t\t<div class=\"elementor-widget-container\">\n\t\t\t\t\t\t\t<ul class=\"elementor-icon-list-items elementor-inline-items\">\n\t\t\t\t\t\t\t<li class=\"elementor-icon-list-item elementor-inline-item\">\n\t\t\t\t\t\t\t\t\t\t\t<span class=\"elementor-icon-list-icon\">\n\t\t\t\t\t\t\t<svg xmlns=\"http:\/\/www.w3.org\/2000\/svg\" xmlns:xlink=\"http:\/\/www.w3.org\/1999\/xlink\" viewbox=\"0 0 313.504 313.504\"><g><g><circle cx=\"139.01\" cy=\"55.717\" r=\"27.59\"><\/circle><path d=\"m309.522,208.738c-8.116-13.871-26.002-18.555-39.873-10.439-4.767,2.789-6.37,8.914-3.582,13.682 2.788,4.767 8.914,6.369 13.682,3.582 4.352-2.548 9.964-1.076 12.51,3.275 2.547,4.352 1.077,9.964-3.275,12.51l-39.35,23.021-37.67-71.059c-2.39-4.508-6.836-7.387-11.713-7.891-2.06,0.432-19.229,4.036-22.232,4.667-7.074,1.485-14.051-1.838-17.549-7.723l-24.898-42.036 33.665,33.127c2.362,2.324 5.521,3.59 8.768,3.59 1.812,0-2.032,0.699 51.443-10.527 6.756-1.419 11.083-8.045 9.665-14.802-1.418-6.757-8.044-11.081-14.802-9.665l-42.316,8.884-28.89-28.428 22.497,12.84-.792-11.947c-0.682-10.271-9.56-18.044-19.831-17.363l-33.164,2.2c-10.271,0.681-18.044,9.56-17.363,19.831 0,0 4.012,64.608 5.766,86.906 0.792,10.073 8.279,18.077 18.12,15.945l62.441-13.518 32.431,61.176c0.17,0.321 0.35,0.632 0.54,0.935l-41.29,24.156c-4.767,2.789-6.37,8.914-3.582,13.682 2.785,4.76 8.906,6.374 13.682,3.582l106.524-62.32c13.869-8.115 18.552-26.001 10.438-39.873z\"><\/path><path d=\"m183.148,232.047c-1.191-5.393-6.528-8.794-11.922-7.607l-44.487,9.828c-6.78,1.498-13.875-0.048-19.418-4.229-5.542-4.182-8.976-10.58-9.397-17.511l-10.651-175.407 32.391-17.07c4.886-2.574 6.76-8.623 4.185-13.509-2.574-4.886-8.62-6.758-13.509-4.185-4.429,2.334-100.074,52.737-105,55.333-4.886,2.575-6.76,8.623-4.185,13.509 2.571,4.881 8.615,6.762 13.509,4.185l53.194-28.032 10.003,164.737c0.8,13.182 7.332,25.353 17.874,33.307s24.038,10.894 36.934,8.045l42.871-9.471c5.393-1.193 8.799-6.53 7.608-11.923z\"><\/path><\/g><\/g><\/svg>\t\t\t\t\t\t<\/span>\n\t\t\t\t\t\t\t\t\t\t<span class=\"elementor-icon-list-text\">Skipass <\/span>\n\t\t\t\t\t\t\t\t\t<\/li>\n\t\t\t\t\t\t\t\t<li class=\"elementor-icon-list-item elementor-inline-item\">\n\t\t\t\t\t\t\t\t\t\t\t<span class=\"elementor-icon-list-icon\">\n\t\t\t\t\t\t\t<i aria-hidden=\"true\" class=\"fas fa-bus\"><\/i>\t\t\t\t\t\t<\/span>\n\t\t\t\t\t\t\t\t\t\t<span class=\"elementor-icon-list-text\">Skibus<\/span>\n\t\t\t\t\t\t\t\t\t<\/li>\n\t\t\t\t\t\t<\/ul>\n\t\t\t\t\t\t<\/div>\n\t\t\t\t<\/div>\n\t\t\t\t\t<\/div>\n\t\t<\/div>\n\t\t\t\t\t<\/div>\n\t\t<\/section>\n\t\t\t\t<section class=\"elementor-section elementor-top-section elementor-element elementor-element-7ea0996b elementor-section-boxed elementor-section-height-default elementor-section-height-default\" data-id=\"7ea0996b\" data-element_type=\"section\">\n\t\t\t\t\t\t<div class=\"elementor-container elementor-column-gap-default\">\n\t\t\t\t\t<div class=\"elementor-column elementor-col-100 elementor-top-column elementor-element elementor-element-1a3c7863\" data-id=\"1a3c7863\" data-element_type=\"column\">\n\t\t\t<div class=\"elementor-widget-wrap elementor-element-populated\">\n\t\t\t\t\t\t<div class=\"elementor-element elementor-element-51b9e607 elementor-icon-list--layout-traditional elementor-list-item-link-full_width elementor-widget elementor-widget-icon-list\" data-id=\"51b9e607\" data-element_type=\"widget\" data-widget_type=\"icon-list.default\">\n\t\t\t\t<div class=\"elementor-widget-container\">\n\t\t\t\t\t\t\t<ul class=\"elementor-icon-list-items\">\n\t\t\t\t\t\t\t<li class=\"elementor-icon-list-item\">\n\t\t\t\t\t\t\t\t\t\t\t<span class=\"elementor-icon-list-icon\">\n\t\t\t\t\t\t\t<i aria-hidden=\"true\" class=\"fas fa-address-card\"><\/i>\t\t\t\t\t\t<\/span>\n\t\t\t\t\t\t\t\t\t\t<span class=\"elementor-icon-list-text\">Skipass<\/span>\n\t\t\t\t\t\t\t\t\t<\/li>\n\t\t\t\t\t\t<\/ul>\n\t\t\t\t\t\t<\/div>\n\t\t\t\t<\/div>\n\t\t\t\t\t<\/div>\n\t\t<\/div>\n\t\t\t\t\t<\/div>\n\t\t<\/section>\n\t\t\t\t<section class=\"elementor-section elementor-top-section elementor-element elementor-element-4e0b6f6 elementor-section-boxed elementor-section-height-default elementor-section-height-default\" data-id=\"4e0b6f6\" data-element_type=\"section\">\n\t\t\t\t\t\t<div class=\"elementor-container elementor-column-gap-default\">\n\t\t\t\t\t<div class=\"elementor-column elementor-col-100 elementor-top-column elementor-element elementor-element-69dc97e6\" data-id=\"69dc97e6\" data-element_type=\"column\">\n\t\t\t<div class=\"elementor-widget-wrap elementor-element-populated\">\n\t\t\t\t\t\t<div class=\"elementor-element elementor-element-30cada58 elementor-widget elementor-widget-text-editor\" data-id=\"30cada58\" data-element_type=\"widget\" data-widget_type=\"text-editor.default\">\n\t\t\t\t<div class=\"elementor-widget-container\">\n\t\t\t\t\t\t\t\t\t<p><strong>Skip\u00e4sse f\u00fcr das Gebiet Zell am See\/Kaprun und die Salzburgerland Card k\u00f6nnen Sie direkt bei uns erwerben. Schreiben Sie uns einfach eine Nachricht, und wir senden Ihnen die P\u00e4sse zu.<\/strong><\/p><p>Dann m\u00fcssen Sie nicht an der Kasse anstehen.<\/p><p>Mit Ihrem Skipass k\u00f6nnen Sie den Skibus kostenlos nutzen. Die Haltestelle befindet sich ca. 200 Meter vom Chalet entfernt (gegen\u00fcber der Touristinformation Raifaissenbank). Ein dichtes Netz von Skibussen in Zell am See und Kaprun garantiert schnelle Transfers zu und von den Skigebieten.<\/p><p>Alle Skitickets gelten f\u00fcr die folgenden 3 Gebiete in Salzburg und dem benachbarten Tirol: Skicircus Saalbach Hinterglemm Leogang Fieberbrunn, Schmittenh\u00f6he in Zell am See und das Gletscherskigebiet Kitzsteinhorn Kaprun. Insgesamt 408 Pistenkilometer und 121 Lifte.<\/p><p><strong>Junior XPLORE CARD f\u00fcr Jugendliche ab Geburtsjahr 2006 bis 19 Jahre: ein ganzer Skitag am Samstag f\u00fcr nur 15 Euro!<\/strong><\/p><p><strong>Wir k\u00f6nnen die Skip\u00e4sse selbst f\u00fcr Sie ausdrucken und Ihnen bei Haus Walchen liefern. Das erspart Ihnen das Warten an der Kasse!<\/strong><\/p><p><strong>Hinweis: Ihr Skipass ist ab 15 Uhr des Vortages g\u00fcltig!<\/strong><\/p><p><strong><u>Preise Tageskarten und Mehrtageskarten:<\/u><\/strong><strong>\u00a0 \u00a0 \u00a0 \u00a0 \u00a0 \u00a0 \u00a0 \u00a0 \u00a0 \u00a0 \u00a0 \u00a0\u00a0<\/strong><\/p>\t\t\t\t\t\t\t\t<\/div>\n\t\t\t\t<\/div>\n\t\t\t\t<div class=\"elementor-element elementor-element-137d138d elementor-widget elementor-widget-text-editor\" data-id=\"137d138d\" data-element_type=\"widget\" data-widget_type=\"text-editor.default\">\n\t\t\t\t<div class=\"elementor-widget-container\">\n\t\t\t\t\t\t\t\t\t<table width=\"319\"><tbody><tr><td style=\"color: #ffffff;\" colspan=\"4\" bgcolor=\"#021B43\" width=\"319\"><strong>Hochsaison 20.12. bis 06.04.2026<\/strong><\/td><\/tr><tr><td>\u00a0<\/td><td><strong>Erwachsene<\/strong><\/td><td><strong>Jugend*<\/strong><\/td><td><strong>Kind*<\/strong><\/td><\/tr><tr><td><strong>Ab 11:30 Uhr<\/strong><\/td><td><strong>65,50 \u20ac<\/strong><\/td><td><strong>49,00 \u20ac<\/strong><\/td><td><strong>32,50 \u20ac<\/strong><\/td><\/tr><tr><td><strong>1 Tag<\/strong><\/td><td><strong>79,00 \u20ac<\/strong><\/td><td><strong>59,00 \u20ac<\/strong><\/td><td><strong>39,50 \u20ac<\/strong><\/td><\/tr><tr><td><strong>2 Tage<\/strong><\/td><td><strong>155,00 \u20ac<\/strong><\/td><td><strong>116,00 \u20ac<\/strong><\/td><td><strong>77,50 \u20ac<\/strong><\/td><\/tr><tr><td><strong>3 Tage<\/strong><\/td><td><strong>231,00 \u20ac<\/strong><\/td><td><strong>173,00 \u20ac<\/strong><\/td><td><strong>115,50 \u20ac<\/strong><\/td><\/tr><tr><td><strong>4 Tage<\/strong><\/td><td><strong>303,50 \u20ac<\/strong><\/td><td><strong>227,50 \u20ac<\/strong><\/td><td><strong>151,50 \u20ac<\/strong><\/td><\/tr><tr><td><strong>5 Tage<\/strong><\/td><td><strong>366,00 \u20ac<\/strong><\/td><td><strong>274,50 \u20ac<\/strong><\/td><td><strong>183,00 \u20ac<\/strong><\/td><\/tr><tr><td><strong>5 in 7 Tagen<\/strong><\/td><td><strong>385,00 \u20ac<\/strong><\/td><td><strong>288,50 \u20ac<\/strong><\/td><td><strong>192,50 \u20ac<\/strong><\/td><\/tr><tr><td><strong>6 Tage<\/strong><\/td><td><strong>425,00 \u20ac<\/strong><\/td><td><strong>318,50 \u20ac<\/strong><\/td><td><strong>212,50 \u20ac<\/strong><\/td><\/tr><tr><td><strong>7 Tage<\/strong><\/td><td><strong>470,00 \u20ac<\/strong><\/td><td><strong>352,50 \u20ac<\/strong><\/td><td><strong>235,00 \u20ac<\/strong><\/td><\/tr><tr><td><strong>8 Tage **<\/strong><\/td><td><strong>505,00 \u20ac<\/strong><\/td><td><strong>378,50 \u20ac<\/strong><\/td><td><strong>252,50 \u20ac<\/strong><\/td><\/tr><tr><td><strong>9 Tage **<\/strong><\/td><td><strong>530,00 \u20ac<\/strong><\/td><td><strong>397,50 \u20ac<\/strong><\/td><td><strong>265,00 \u20ac<\/strong><\/td><\/tr><tr><td><strong>10 Tage **<\/strong><\/td><td><strong>555,00 \u20ac<\/strong><\/td><td><strong>416,00 \u20ac<\/strong><\/td><td><strong>277,50 \u20ac<\/strong><\/td><\/tr><tr><td><strong>10 in 14 Tagen **<\/strong><\/td><td><strong>611,50 \u20ac<\/strong><\/td><td><strong>458,50 \u20ac<\/strong><\/td><td><strong>305,50 \u20ac<\/strong><\/td><\/tr><tr><td><strong>11 Tage **<\/strong><\/td><td><strong>581,50 \u20ac<\/strong><\/td><td><strong>436,00 \u20ac<\/strong><\/td><td><strong>290,50 \u20ac<\/strong><\/td><\/tr><tr><td><strong>12 Tage **<\/strong><\/td><td><strong>610,50 \u20ac<\/strong><\/td><td><strong>457,50 \u20ac<\/strong><\/td><td><strong>305,00 \u20ac<\/strong><\/td><\/tr><tr><td><strong>13 Tage **<\/strong><\/td><td><strong>638,50 \u20ac<\/strong><\/td><td><strong>478,50 \u20ac<\/strong><\/td><td><strong>319,00 \u20ac<\/strong><\/td><\/tr><tr><td><strong>14 Tage **<\/strong><\/td><td><strong>665,50 \u20ac<\/strong><\/td><td><strong>499,00 \u20ac<\/strong><\/td><td><strong>332,50 \u20ac<\/strong><\/td><\/tr><tr><td>\u00a0<\/td><td>\u00a0<\/td><td>\u00a0<\/td><td>\u00a0<\/td><\/tr><tr><td colspan=\"2\"><strong>Kinder: Jahre 2010 \u2013 2019<\/strong><\/td><td>\u00a0<\/td><td>\u00a0<\/td><\/tr><tr><td colspan=\"2\"><strong>Jugend: Jahre 2007 \u2013 2009<\/strong><\/td><td>\u00a0<\/td><td>\u00a0<\/td><\/tr><tr><td colspan=\"4\"><strong>Kleinkinder, die im Jahr 2020 oder j\u00fcnger geboren wurden, haben freien Eintritt!<\/strong><\/td><\/tr><\/tbody><\/table>\t\t\t\t\t\t\t\t<\/div>\n\t\t\t\t<\/div>\n\t\t\t\t\t<\/div>\n\t\t<\/div>\n\t\t\t\t\t<\/div>\n\t\t<\/section>\n\t\t\t\t<section class=\"elementor-section elementor-top-section elementor-element elementor-element-fdefc65 elementor-section-boxed elementor-section-height-default elementor-section-height-default\" data-id=\"fdefc65\" data-element_type=\"section\">\n\t\t\t\t\t\t<div class=\"elementor-container elementor-column-gap-default\">\n\t\t\t\t\t<div class=\"elementor-column elementor-col-100 elementor-top-column elementor-element elementor-element-55f290e\" data-id=\"55f290e\" data-element_type=\"column\">\n\t\t\t<div class=\"elementor-widget-wrap elementor-element-populated\">\n\t\t\t\t\t\t<div class=\"elementor-element elementor-element-2aec310 elementor-icon-list--layout-traditional elementor-list-item-link-full_width elementor-widget elementor-widget-icon-list\" data-id=\"2aec310\" data-element_type=\"widget\" data-widget_type=\"icon-list.default\">\n\t\t\t\t<div class=\"elementor-widget-container\">\n\t\t\t\t\t\t\t<ul class=\"elementor-icon-list-items\">\n\t\t\t\t\t\t\t<li class=\"elementor-icon-list-item\">\n\t\t\t\t\t\t\t\t\t\t<span class=\"elementor-icon-list-text\">Winterwanderp\u00e4sse \u2013 erleben Sie die Schmittenh\u00f6he<\/span>\n\t\t\t\t\t\t\t\t\t<\/li>\n\t\t\t\t\t\t<\/ul>\n\t\t\t\t\t\t<\/div>\n\t\t\t\t<\/div>\n\t\t\t\t\t<\/div>\n\t\t<\/div>\n\t\t\t\t\t<\/div>\n\t\t<\/section>\n\t\t\t\t<section class=\"elementor-section elementor-top-section elementor-element elementor-element-524b522 elementor-section-boxed elementor-section-height-default elementor-section-height-default\" data-id=\"524b522\" data-element_type=\"section\">\n\t\t\t\t\t\t<div class=\"elementor-container elementor-column-gap-default\">\n\t\t\t\t\t<div class=\"elementor-column elementor-col-50 elementor-top-column elementor-element elementor-element-c35d6bf\" data-id=\"c35d6bf\" data-element_type=\"column\">\n\t\t\t<div class=\"elementor-widget-wrap elementor-element-populated\">\n\t\t\t\t\t\t<div class=\"elementor-element elementor-element-da86209 elementor-widget elementor-widget-image\" data-id=\"da86209\" data-element_type=\"widget\" data-widget_type=\"image.default\">\n\t\t\t\t<div class=\"elementor-widget-container\">\n\t\t\t\t\t\t\t\t\t\t\t\t\t\t\t<img fetchpriority=\"high\" decoding=\"async\" width=\"1024\" height=\"614\" src=\"https:\/\/chalet-am-park.gaeste-mappe.at\/wp-content\/uploads\/2025\/12\/wanderpass-1024x614.jpg\" class=\"attachment-large size-large wp-image-15576\" alt=\"\" srcset=\"https:\/\/chalet-am-park.gaeste-mappe.at\/wp-content\/uploads\/2025\/12\/wanderpass-1024x614.jpg 1024w, https:\/\/chalet-am-park.gaeste-mappe.at\/wp-content\/uploads\/2025\/12\/wanderpass-300x180.jpg 300w, https:\/\/chalet-am-park.gaeste-mappe.at\/wp-content\/uploads\/2025\/12\/wanderpass-768x461.jpg 768w, https:\/\/chalet-am-park.gaeste-mappe.at\/wp-content\/uploads\/2025\/12\/wanderpass-1536x922.jpg 1536w, https:\/\/chalet-am-park.gaeste-mappe.at\/wp-content\/uploads\/2025\/12\/wanderpass-2048x1229.jpg 2048w, https:\/\/chalet-am-park.gaeste-mappe.at\/wp-content\/uploads\/2025\/12\/wanderpass-18x12.jpg 18w\" sizes=\"(max-width: 1024px) 100vw, 1024px\" \/>\t\t\t\t\t\t\t\t\t\t\t\t\t\t\t<\/div>\n\t\t\t\t<\/div>\n\t\t\t\t\t<\/div>\n\t\t<\/div>\n\t\t\t\t<div class=\"elementor-column elementor-col-50 elementor-top-column elementor-element elementor-element-979a811\" data-id=\"979a811\" data-element_type=\"column\">\n\t\t\t<div class=\"elementor-widget-wrap elementor-element-populated\">\n\t\t\t\t\t\t<div class=\"elementor-element elementor-element-66adc85 elementor-widget elementor-widget-text-editor\" data-id=\"66adc85\" data-element_type=\"widget\" data-widget_type=\"text-editor.default\">\n\t\t\t\t<div class=\"elementor-widget-container\">\n\t\t\t\t\t\t\t\t\t<p class=\"translation-block\">Entdecken Sie die Schmittenh\u00f6he in Zell am See auf ganz besondere Weise \u2013 zu Fu\u00df! Neben klassischem Skivergn\u00fcgen und Pistenspa\u00df bietet dieser Berg ein weitl\u00e4ufiges Netz <strong>pr\u00e4parierter Winterwanderwege<\/strong> mit atemberaubenden Panoramablicken auf den Zeller See und die umliegenden Dreitausender. Hier finden Sie die perfekten <strong>Wanderp\u00e4sse<\/strong> , um die winterliche Bergwelt aktiv zu erleben \u2013 ideal f\u00fcr Naturliebhaber, Familien und alle, die den Winter abseits der Pisten genie\u00dfen m\u00f6chten.<\/p><p class=\"translation-block\">Mit Wanderp\u00e4ssen k\u00f6nnen Sie mehrere Tage hintereinander flexibel reisen, <strong>die Lifte nutzen, die f\u00fcr Ihre Wanderung ge\u00f6ffnet sind, oder direkt in die verschneite Landschaft aufbrechen<\/strong> . So wird Ihr Winterurlaub abwechslungsreich und erholsam \u2013 egal ob Sie einen gem\u00fctlichen Spaziergang oder eine anspruchsvollere Wanderung unternehmen.<\/p>\t\t\t\t\t\t\t\t<\/div>\n\t\t\t\t<\/div>\n\t\t\t\t<div class=\"elementor-element elementor-element-4425f36 elementor-mobile-align-justify elementor-widget elementor-widget-button\" data-id=\"4425f36\" data-element_type=\"widget\" data-widget_type=\"button.default\">\n\t\t\t\t<div class=\"elementor-widget-container\">\n\t\t\t\t\t\t\t\t\t<div class=\"elementor-button-wrapper\">\n\t\t\t\t\t<a class=\"elementor-button elementor-button-link elementor-size-sm\" href=\"https:\/\/tickets.schmitten.at\/de\/winter\/store#\/de\/winter\/buy?skugroup_id=3374\" target=\"_blank\" rel=\"noopener\">\n\t\t\t\t\t\t<span class=\"elementor-button-content-wrapper\">\n\t\t\t\t\t\t\t\t\t<span class=\"elementor-button-text\">Zu den Wanderp\u00e4ssen<\/span>\n\t\t\t\t\t<\/span>\n\t\t\t\t\t<\/a>\n\t\t\t\t<\/div>\n\t\t\t\t\t\t\t\t<\/div>\n\t\t\t\t<\/div>\n\t\t\t\t\t<\/div>\n\t\t<\/div>\n\t\t\t\t\t<\/div>\n\t\t<\/section>\n\t\t\t\t<section class=\"elementor-section elementor-top-section elementor-element elementor-element-36afcb03 elementor-section-boxed elementor-section-height-default elementor-section-height-default\" data-id=\"36afcb03\" data-element_type=\"section\">\n\t\t\t\t\t\t<div class=\"elementor-container elementor-column-gap-default\">\n\t\t\t\t\t<div class=\"elementor-column elementor-col-100 elementor-top-column elementor-element elementor-element-301f9945\" data-id=\"301f9945\" data-element_type=\"column\">\n\t\t\t<div class=\"elementor-widget-wrap elementor-element-populated\">\n\t\t\t\t\t\t<div class=\"elementor-element elementor-element-67655fe6 elementor-icon-list--layout-traditional elementor-list-item-link-full_width elementor-widget elementor-widget-icon-list\" data-id=\"67655fe6\" data-element_type=\"widget\" data-widget_type=\"icon-list.default\">\n\t\t\t\t<div class=\"elementor-widget-container\">\n\t\t\t\t\t\t\t<ul class=\"elementor-icon-list-items\">\n\t\t\t\t\t\t\t<li class=\"elementor-icon-list-item\">\n\t\t\t\t\t\t\t\t\t\t\t<span class=\"elementor-icon-list-icon\">\n\t\t\t\t\t\t\t<i aria-hidden=\"true\" class=\"fas fa-bus\"><\/i>\t\t\t\t\t\t<\/span>\n\t\t\t\t\t\t\t\t\t\t<span class=\"elementor-icon-list-text\">Skibus<\/span>\n\t\t\t\t\t\t\t\t\t<\/li>\n\t\t\t\t\t\t<\/ul>\n\t\t\t\t\t\t<\/div>\n\t\t\t\t<\/div>\n\t\t\t\t\t<\/div>\n\t\t<\/div>\n\t\t\t\t\t<\/div>\n\t\t<\/section>\n\t\t\t\t<section class=\"elementor-section elementor-top-section elementor-element elementor-element-59a0e9c4 elementor-section-boxed elementor-section-height-default elementor-section-height-default\" data-id=\"59a0e9c4\" data-element_type=\"section\">\n\t\t\t\t\t\t<div class=\"elementor-container elementor-column-gap-default\">\n\t\t\t\t\t<div class=\"elementor-column elementor-col-100 elementor-top-column elementor-element elementor-element-30015be0\" data-id=\"30015be0\" data-element_type=\"column\">\n\t\t\t<div class=\"elementor-widget-wrap elementor-element-populated\">\n\t\t\t\t\t\t<div class=\"elementor-element elementor-element-42b5284a elementor-widget elementor-widget-text-editor\" data-id=\"42b5284a\" data-element_type=\"widget\" data-widget_type=\"text-editor.default\">\n\t\t\t\t<div class=\"elementor-widget-container\">\n\t\t\t\t\t\t\t\t\t<p>Im Winter h\u00e4lt der kostenlose Skibus zum Naglk\u00f6pfl, Maiskogel und zur Areitbahn direkt vor unserer T\u00fcr. Der kostenlose Skizug bringt Sie auch zu den gr\u00f6\u00dferen Skigebieten in der Umgebung. Die Abfahrtszeiten finden Sie unten<\/p>\t\t\t\t\t\t\t\t<\/div>\n\t\t\t\t<\/div>\n\t\t\t\t<div class=\"elementor-element elementor-element-2f7ad85 elementor-widget elementor-widget-image\" data-id=\"2f7ad85\" data-element_type=\"widget\" data-widget_type=\"image.default\">\n\t\t\t\t<div class=\"elementor-widget-container\">\n\t\t\t\t\t\t\t\t\t\t\t\t\t\t\t<img decoding=\"async\" width=\"1200\" height=\"1697\" src=\"https:\/\/chalet-am-park.gaeste-mappe.at\/wp-content\/uploads\/2025\/11\/Skibus-2026.jpg\" class=\"attachment-full size-full wp-image-15299\" alt=\"\" srcset=\"https:\/\/chalet-am-park.gaeste-mappe.at\/wp-content\/uploads\/2025\/11\/Skibus-2026.jpg 1200w, https:\/\/chalet-am-park.gaeste-mappe.at\/wp-content\/uploads\/2025\/11\/Skibus-2026-212x300.jpg 212w, https:\/\/chalet-am-park.gaeste-mappe.at\/wp-content\/uploads\/2025\/11\/Skibus-2026-724x1024.jpg 724w, https:\/\/chalet-am-park.gaeste-mappe.at\/wp-content\/uploads\/2025\/11\/Skibus-2026-768x1086.jpg 768w, https:\/\/chalet-am-park.gaeste-mappe.at\/wp-content\/uploads\/2025\/11\/Skibus-2026-1086x1536.jpg 1086w, https:\/\/chalet-am-park.gaeste-mappe.at\/wp-content\/uploads\/2025\/11\/Skibus-2026-8x12.jpg 8w\" sizes=\"(max-width: 1200px) 100vw, 1200px\" \/>\t\t\t\t\t\t\t\t\t\t\t\t\t\t\t<\/div>\n\t\t\t\t<\/div>\n\t\t\t\t<div class=\"elementor-element elementor-element-197dc39e elementor-widget elementor-widget-heading\" data-id=\"197dc39e\" data-element_type=\"widget\" data-widget_type=\"heading.default\">\n\t\t\t\t<div class=\"elementor-widget-container\">\n\t\t\t\t\t<h2 class=\"elementor-heading-title elementor-size-default\">Bitte beachten Sie die \u00c4nderungen w\u00e4hrend Ostern.<\/h2>\t\t\t\t<\/div>\n\t\t\t\t<\/div>\n\t\t\t\t<div class=\"elementor-element elementor-element-2dc52b06 elementor-widget elementor-widget-image\" data-id=\"2dc52b06\" data-element_type=\"widget\" data-widget_type=\"image.default\">\n\t\t\t\t<div class=\"elementor-widget-container\">\n\t\t\t\t\t\t\t\t\t\t\t\t\t\t\t<img decoding=\"async\" width=\"1200\" height=\"1697\" src=\"https:\/\/chalet-am-park.gaeste-mappe.at\/wp-content\/uploads\/2025\/11\/Skibus_nach_Ostern.jpg\" class=\"attachment-full size-full wp-image-15300\" alt=\"\" srcset=\"https:\/\/chalet-am-park.gaeste-mappe.at\/wp-content\/uploads\/2025\/11\/Skibus_nach_Ostern.jpg 1200w, https:\/\/chalet-am-park.gaeste-mappe.at\/wp-content\/uploads\/2025\/11\/Skibus_nach_Ostern-212x300.jpg 212w, https:\/\/chalet-am-park.gaeste-mappe.at\/wp-content\/uploads\/2025\/11\/Skibus_nach_Ostern-724x1024.jpg 724w, https:\/\/chalet-am-park.gaeste-mappe.at\/wp-content\/uploads\/2025\/11\/Skibus_nach_Ostern-768x1086.jpg 768w, https:\/\/chalet-am-park.gaeste-mappe.at\/wp-content\/uploads\/2025\/11\/Skibus_nach_Ostern-1086x1536.jpg 1086w, https:\/\/chalet-am-park.gaeste-mappe.at\/wp-content\/uploads\/2025\/11\/Skibus_nach_Ostern-8x12.jpg 8w\" sizes=\"(max-width: 1200px) 100vw, 1200px\" \/>\t\t\t\t\t\t\t\t\t\t\t\t\t\t\t<\/div>\n\t\t\t\t<\/div>\n\t\t\t\t\t<\/div>\n\t\t<\/div>\n\t\t\t\t\t<\/div>\n\t\t<\/section>\n\t\t\t\t<\/div>","protected":false},"excerpt":{"rendered":"<p>Skipass Skibus Skipasse Skipassen voor het gebied Zell am See\/Kaprun en de Salzburgerland kaart kunt u direkt bij ons aan kopen. Stuur ons een appje en wij brengen de passen bij u langs. Dan hoeft u niet in de rij te staan bij de kassa. Met uw skipas kunt u gratis met de skibus rijden. [&hellip;]<\/p>","protected":false},"author":2,"featured_media":0,"parent":0,"menu_order":0,"comment_status":"closed","ping_status":"closed","template":"","meta":{"site-sidebar-layout":"no-sidebar","site-content-layout":"page-builder","ast-site-content-layout":"default","site-content-style":"default","site-sidebar-style":"default","ast-global-header-display":"","ast-banner-title-visibility":"","ast-main-header-display":"","ast-hfb-above-header-display":"","ast-hfb-below-header-display":"","ast-hfb-mobile-header-display":"","site-post-title":"disabled","ast-breadcrumbs-content":"","ast-featured-img":"disabled","footer-sml-layout":"","ast-disable-related-posts":"","theme-transparent-header-meta":"","adv-header-id-meta":"","stick-header-meta":"","header-above-stick-meta":"","header-main-stick-meta":"","header-below-stick-meta":"","astra-migrate-meta-layouts":"default","ast-page-background-enabled":"default","ast-page-background-meta":{"desktop":{"background-color":"var(--ast-global-color-4)","background-image":"","background-repeat":"repeat","background-position":"center center","background-size":"auto","background-attachment":"scroll","background-type":"","background-media":"","overlay-type":"","overlay-color":"","overlay-opacity":"","overlay-gradient":""},"tablet":{"background-color":"","background-image":"","background-repeat":"repeat","background-position":"center center","background-size":"auto","background-attachment":"scroll","background-type":"","background-media":"","overlay-type":"","overlay-color":"","overlay-opacity":"","overlay-gradient":""},"mobile":{"background-color":"","background-image":"","background-repeat":"repeat","background-position":"center center","background-size":"auto","background-attachment":"scroll","background-type":"","background-media":"","overlay-type":"","overlay-color":"","overlay-opacity":"","overlay-gradient":""}},"ast-content-background-meta":{"desktop":{"background-color":"var(--ast-global-color-5)","background-image":"","background-repeat":"repeat","background-position":"center center","background-size":"auto","background-attachment":"scroll","background-type":"","background-media":"","overlay-type":"","overlay-color":"","overlay-opacity":"","overlay-gradient":""},"tablet":{"background-color":"var(--ast-global-color-5)","background-image":"","background-repeat":"repeat","background-position":"center center","background-size":"auto","background-attachment":"scroll","background-type":"","background-media":"","overlay-type":"","overlay-color":"","overlay-opacity":"","overlay-gradient":""},"mobile":{"background-color":"var(--ast-global-color-5)","background-image":"","background-repeat":"repeat","background-position":"center center","background-size":"auto","background-attachment":"scroll","background-type":"","background-media":"","overlay-type":"","overlay-color":"","overlay-opacity":"","overlay-gradient":""}},"footnotes":""},"class_list":["post-6615","page","type-page","status-publish","hentry"],"_links":{"self":[{"href":"https:\/\/chalet-am-park.gaeste-mappe.at\/de\/wp-json\/wp\/v2\/pages\/6615","targetHints":{"allow":["GET"]}}],"collection":[{"href":"https:\/\/chalet-am-park.gaeste-mappe.at\/de\/wp-json\/wp\/v2\/pages"}],"about":[{"href":"https:\/\/chalet-am-park.gaeste-mappe.at\/de\/wp-json\/wp\/v2\/types\/page"}],"author":[{"embeddable":true,"href":"https:\/\/chalet-am-park.gaeste-mappe.at\/de\/wp-json\/wp\/v2\/users\/2"}],"replies":[{"embeddable":true,"href":"https:\/\/chalet-am-park.gaeste-mappe.at\/de\/wp-json\/wp\/v2\/comments?post=6615"}],"version-history":[{"count":135,"href":"https:\/\/chalet-am-park.gaeste-mappe.at\/de\/wp-json\/wp\/v2\/pages\/6615\/revisions"}],"predecessor-version":[{"id":15579,"href":"https:\/\/chalet-am-park.gaeste-mappe.at\/de\/wp-json\/wp\/v2\/pages\/6615\/revisions\/15579"}],"wp:attachment":[{"href":"https:\/\/chalet-am-park.gaeste-mappe.at\/de\/wp-json\/wp\/v2\/media?parent=6615"}],"curies":[{"name":"wp","href":"https:\/\/api.w.org\/{rel}","templated":true}]}}